{"id":9198,"date":"2019-07-23T14:29:08","date_gmt":"2019-07-23T12:29:08","guid":{"rendered":"https:\/\/gewebenetzwerk.de\/?page_id=9198"},"modified":"2019-07-25T09:30:32","modified_gmt":"2019-07-25T07:30:32","slug":"organspende-mit-gewebespende-aerztlicher-bereitschaftsdienst-unterstuetzt","status":"publish","type":"page","link":"https:\/\/gewebenetzwerk.de\/en\/organspende-mit-gewebespende-aerztlicher-bereitschaftsdienst-unterstuetzt\/","title":{"rendered":"Organspende mit Gewebespende: \u00c4rztlicher Bereitschaftsdienst unterst\u00fctzt_eng"},"content":{"rendered":"<div  style='padding-bottom:10px; ' class='av-special-heading av-special-heading-h1    avia-builder-el-0  el_before_av_textblock  avia-builder-el-first  '><h1 class='av-special-heading-tag '  itemprop=\"headline\"  >We are there for you 24\/7!<\/h1><div class='special-heading-border'><div class='special-heading-inner-border' ><\/div><\/div><\/div>\n<section class=\"av_textblock_section \"  itemscope=\"itemscope\" itemtype=\"https:\/\/schema.org\/CreativeWork\" ><div class='avia_textblock  '   itemprop=\"text\" ><p>Do you have questions about a possible tissue donation? An organ donation is planned in your house and you have an agreement to donate tissue? You urgently need a cornea or amniotic membrane, heart valves or blood vessels for a patient? Please call our office: <strong>+49 (0)511 563 559 30<\/strong><\/p>\n<p>Our experienced medical staff is also available to you outside office hours on <strong>0800 511 5000<\/strong> (for calls from within Germany only). From international locations call <strong>+49 (0)511 563 559 5<\/strong>4. Please use this number only if you cannot wait until the next morning.<\/p>\n<\/div><\/section>\n","protected":false},"excerpt":{"rendered":"","protected":false},"author":7,"featured_media":0,"parent":0,"menu_order":0,"comment_status":"closed","ping_status":"closed","template":"","meta":{"footnotes":""},"class_list":["post-9198","page","type-page","status-publish","hentry"],"yoast_head":"<!-- This site is optimized with the Yoast SEO plugin v25.7 - https:\/\/yoast.com\/wordpress\/plugins\/seo\/ -->\n<title>Organspende mit Gewebespende: \u00c4rztlicher Bereitschaftsdienst unterst\u00fctzt_eng - Deutsche Gesellschaft f\u00fcr Gewebetransplantation<\/title>\n<meta name=\"robots\" content=\"index, follow, max-snippet:-1, max-image-preview:large, max-video-preview:-1\" \/>\n<link rel=\"canonical\" href=\"https:\/\/gewebenetzwerk.de\/organspende-mit-gewebespende-aerztlicher-bereitschaftsdienst-unterstuetzt\/\" \/>\n<meta property=\"og:locale\" content=\"en_US\" \/>\n<meta property=\"og:type\" content=\"article\" \/>\n<meta property=\"og:title\" content=\"Organspende mit Gewebespende: \u00c4rztlicher Bereitschaftsdienst unterst\u00fctzt_eng - Deutsche Gesellschaft f\u00fcr Gewebetransplantation\" \/>\n<meta property=\"og:url\" content=\"https:\/\/gewebenetzwerk.de\/organspende-mit-gewebespende-aerztlicher-bereitschaftsdienst-unterstuetzt\/\" \/>\n<meta property=\"og:site_name\" content=\"Deutsche Gesellschaft f\u00fcr Gewebetransplantation\" \/>\n<meta property=\"article:publisher\" content=\"https:\/\/www.facebook.com\/DGFG.de\" \/>\n<meta property=\"article:modified_time\" content=\"2019-07-25T07:30:32+00:00\" \/>\n<meta name=\"twitter:card\" content=\"summary_large_image\" \/>\n<meta name=\"twitter:site\" content=\"@gewebenetzwerk\" \/>\n<meta name=\"twitter:label1\" content=\"Est. reading time\" \/>\n\t<meta name=\"twitter:data1\" content=\"1 minute\" \/>\n<script type=\"application\/ld+json\" class=\"yoast-schema-graph\">{\"@context\":\"https:\/\/schema.org\",\"@graph\":[{\"@type\":\"WebPage\",\"@id\":\"https:\/\/gewebenetzwerk.de\/organspende-mit-gewebespende-aerztlicher-bereitschaftsdienst-unterstuetzt\/\",\"url\":\"https:\/\/gewebenetzwerk.de\/organspende-mit-gewebespende-aerztlicher-bereitschaftsdienst-unterstuetzt\/\",\"name\":\"Organspende mit Gewebespende: \u00c4rztlicher Bereitschaftsdienst unterst\u00fctzt_eng - Deutsche Gesellschaft f\u00fcr Gewebetransplantation\",\"isPartOf\":{\"@id\":\"https:\/\/gewebenetzwerk.de\/#website\"},\"datePublished\":\"2019-07-23T12:29:08+00:00\",\"dateModified\":\"2019-07-25T07:30:32+00:00\",\"breadcrumb\":{\"@id\":\"https:\/\/gewebenetzwerk.de\/organspende-mit-gewebespende-aerztlicher-bereitschaftsdienst-unterstuetzt\/#breadcrumb\"},\"inLanguage\":\"en-US\",\"potentialAction\":[{\"@type\":\"ReadAction\",\"target\":[\"https:\/\/gewebenetzwerk.de\/organspende-mit-gewebespende-aerztlicher-bereitschaftsdienst-unterstuetzt\/\"]}]},{\"@type\":\"BreadcrumbList\",\"@id\":\"https:\/\/gewebenetzwerk.de\/organspende-mit-gewebespende-aerztlicher-bereitschaftsdienst-unterstuetzt\/#breadcrumb\",\"itemListElement\":[{\"@type\":\"ListItem\",\"position\":1,\"name\":\"Home\",\"item\":\"https:\/\/gewebenetzwerk.de\/en\/startseite_eng\/\"},{\"@type\":\"ListItem\",\"position\":2,\"name\":\"Organspende mit Gewebespende: \u00c4rztlicher Bereitschaftsdienst unterst\u00fctzt_eng\"}]},{\"@type\":\"WebSite\",\"@id\":\"https:\/\/gewebenetzwerk.de\/#website\",\"url\":\"https:\/\/gewebenetzwerk.de\/\",\"name\":\"Deutsche Gesellschaft f\u00fcr Gewebetransplantation\",\"description\":\"Das Netzwerk f\u00fcr Gewebespende und Gewebetransplantation\",\"potentialAction\":[{\"@type\":\"SearchAction\",\"target\":{\"@type\":\"EntryPoint\",\"urlTemplate\":\"https:\/\/gewebenetzwerk.de\/?s={search_term_string}\"},\"query-input\":{\"@type\":\"PropertyValueSpecification\",\"valueRequired\":true,\"valueName\":\"search_term_string\"}}],\"inLanguage\":\"en-US\"}]}<\/script>\n<!-- \/ Yoast SEO plugin. -->","yoast_head_json":{"title":"Organspende mit Gewebespende: \u00c4rztlicher Bereitschaftsdienst unterst\u00fctzt_eng - Deutsche Gesellschaft f\u00fcr Gewebetransplantation","robots":{"index":"index","follow":"follow","max-snippet":"max-snippet:-1","max-image-preview":"max-image-preview:large","max-video-preview":"max-video-preview:-1"},"canonical":"https:\/\/gewebenetzwerk.de\/organspende-mit-gewebespende-aerztlicher-bereitschaftsdienst-unterstuetzt\/","og_locale":"en_US","og_type":"article","og_title":"Organspende mit Gewebespende: \u00c4rztlicher Bereitschaftsdienst unterst\u00fctzt_eng - Deutsche Gesellschaft f\u00fcr Gewebetransplantation","og_url":"https:\/\/gewebenetzwerk.de\/organspende-mit-gewebespende-aerztlicher-bereitschaftsdienst-unterstuetzt\/","og_site_name":"Deutsche Gesellschaft f\u00fcr Gewebetransplantation","article_publisher":"https:\/\/www.facebook.com\/DGFG.de","article_modified_time":"2019-07-25T07:30:32+00:00","twitter_card":"summary_large_image","twitter_site":"@gewebenetzwerk","twitter_misc":{"Est. reading time":"1 minute"},"schema":{"@context":"https:\/\/schema.org","@graph":[{"@type":"WebPage","@id":"https:\/\/gewebenetzwerk.de\/organspende-mit-gewebespende-aerztlicher-bereitschaftsdienst-unterstuetzt\/","url":"https:\/\/gewebenetzwerk.de\/organspende-mit-gewebespende-aerztlicher-bereitschaftsdienst-unterstuetzt\/","name":"Organspende mit Gewebespende: \u00c4rztlicher Bereitschaftsdienst unterst\u00fctzt_eng - Deutsche Gesellschaft f\u00fcr Gewebetransplantation","isPartOf":{"@id":"https:\/\/gewebenetzwerk.de\/#website"},"datePublished":"2019-07-23T12:29:08+00:00","dateModified":"2019-07-25T07:30:32+00:00","breadcrumb":{"@id":"https:\/\/gewebenetzwerk.de\/organspende-mit-gewebespende-aerztlicher-bereitschaftsdienst-unterstuetzt\/#breadcrumb"},"inLanguage":"en-US","potentialAction":[{"@type":"ReadAction","target":["https:\/\/gewebenetzwerk.de\/organspende-mit-gewebespende-aerztlicher-bereitschaftsdienst-unterstuetzt\/"]}]},{"@type":"BreadcrumbList","@id":"https:\/\/gewebenetzwerk.de\/organspende-mit-gewebespende-aerztlicher-bereitschaftsdienst-unterstuetzt\/#breadcrumb","itemListElement":[{"@type":"ListItem","position":1,"name":"Home","item":"https:\/\/gewebenetzwerk.de\/en\/startseite_eng\/"},{"@type":"ListItem","position":2,"name":"Organspende mit Gewebespende: \u00c4rztlicher Bereitschaftsdienst unterst\u00fctzt_eng"}]},{"@type":"WebSite","@id":"https:\/\/gewebenetzwerk.de\/#website","url":"https:\/\/gewebenetzwerk.de\/","name":"Deutsche Gesellschaft f\u00fcr Gewebetransplantation","description":"Das Netzwerk f\u00fcr Gewebespende und Gewebetransplantation","potentialAction":[{"@type":"SearchAction","target":{"@type":"EntryPoint","urlTemplate":"https:\/\/gewebenetzwerk.de\/?s={search_term_string}"},"query-input":{"@type":"PropertyValueSpecification","valueRequired":true,"valueName":"search_term_string"}}],"inLanguage":"en-US"}]}},"_links":{"self":[{"href":"https:\/\/gewebenetzwerk.de\/en\/wp-json\/wp\/v2\/pages\/9198","targetHints":{"allow":["GET"]}}],"collection":[{"href":"https:\/\/gewebenetzwerk.de\/en\/wp-json\/wp\/v2\/pages"}],"about":[{"href":"https:\/\/gewebenetzwerk.de\/en\/wp-json\/wp\/v2\/types\/page"}],"author":[{"embeddable":true,"href":"https:\/\/gewebenetzwerk.de\/en\/wp-json\/wp\/v2\/users\/7"}],"replies":[{"embeddable":true,"href":"https:\/\/gewebenetzwerk.de\/en\/wp-json\/wp\/v2\/comments?post=9198"}],"version-history":[{"count":6,"href":"https:\/\/gewebenetzwerk.de\/en\/wp-json\/wp\/v2\/pages\/9198\/revisions"}],"predecessor-version":[{"id":9807,"href":"https:\/\/gewebenetzwerk.de\/en\/wp-json\/wp\/v2\/pages\/9198\/revisions\/9807"}],"wp:attachment":[{"href":"https:\/\/gewebenetzwerk.de\/en\/wp-json\/wp\/v2\/media?parent=9198"}],"curies":[{"name":"wp","href":"https:\/\/api.w.org\/{rel}","templated":true}]}}