{"id":9134,"date":"2019-07-23T14:17:54","date_gmt":"2019-07-23T12:17:54","guid":{"rendered":"https:\/\/gewebenetzwerk.de\/?page_id=9134"},"modified":"2019-07-23T14:17:54","modified_gmt":"2019-07-23T12:17:54","slug":"lions-hornhautbank-wuerzburg","status":"publish","type":"page","link":"https:\/\/gewebenetzwerk.de\/en\/lions-hornhautbank-wuerzburg\/","title":{"rendered":"Lions Hornhautbank W\u00fcrzburg_eng"},"content":{"rendered":"<div  style='padding-bottom:10px; ' class='av-special-heading av-special-heading-h1    avia-builder-el-0  el_before_av_textblock  avia-builder-el-first  av-linked-heading '><h1 class='av-special-heading-tag '  itemprop=\"headline\"  ><a href=\"https:\/\/www.lions-hilfswerk.de\/nationale_und_internationale_hilfsprojekte\/nationale_projekte\/hornhautbanken.html\">Lions Eye Bank W\u00fcrzburg<\/a><\/h1><div class='special-heading-border'><div class='special-heading-inner-border' ><\/div><\/div><\/div>\n<section class=\"av_textblock_section \"  itemscope=\"itemscope\" itemtype=\"https:\/\/schema.org\/CreativeWork\" ><div class='avia_textblock  '   itemprop=\"text\" ><p>In cooperation with the DGFG, the Ophthalmological Department of the University Hospital W\u00fcrzburg looks after one of the oldest corneal banks in Europe. With the Lions Eye Bank W\u00fcrzburg and the <a href=\"https:\/\/gewebenetzwerk.de\/en\/lions-hornhautbank-heidelberg\">Lions Eye Bank Heidelberg<\/a>, two Lions sponsored tissue banks belong to the DGFG network.<\/p>\n<\/div><\/section>\n<section class=\"av_textblock_section \"  itemscope=\"itemscope\" itemtype=\"https:\/\/schema.org\/CreativeWork\" ><div class='avia_textblock  '   itemprop=\"text\" ><h3><strong>Contact<\/strong><\/h3>\n<p><strong>Head &amp; responsible person according to \u00a720c: Dr. med. Daniel Kampik<\/strong><\/p>\n<p>Universit\u00e4tsklinikum W\u00fcrzburg, Universit\u00e4ts-Augenklinik<\/p>\n<p>Josef-Schneider-Stra\u00dfe 11<br \/>\n97080 W\u00fcrzburg<br \/>\nGermany<\/p>\n<\/div><\/section>\n","protected":false},"excerpt":{"rendered":"","protected":false},"author":7,"featured_media":0,"parent":0,"menu_order":0,"comment_status":"closed","ping_status":"closed","template":"","meta":{"footnotes":""},"class_list":["post-9134","page","type-page","status-publish","hentry"],"yoast_head":"<!-- This site is optimized with the Yoast SEO plugin v25.7 - https:\/\/yoast.com\/wordpress\/plugins\/seo\/ -->\n<title>Lions Hornhautbank W\u00fcrzburg_eng - Deutsche Gesellschaft f\u00fcr Gewebetransplantation<\/title>\n<meta name=\"robots\" content=\"index, follow, max-snippet:-1, max-image-preview:large, max-video-preview:-1\" \/>\n<link rel=\"canonical\" href=\"https:\/\/gewebenetzwerk.de\/en\/lions-hornhautbank-wuerzburg\/\" \/>\n<meta property=\"og:locale\" content=\"en_US\" \/>\n<meta property=\"og:type\" content=\"article\" \/>\n<meta property=\"og:title\" content=\"Lions Hornhautbank W\u00fcrzburg_eng - Deutsche Gesellschaft f\u00fcr Gewebetransplantation\" \/>\n<meta property=\"og:url\" content=\"https:\/\/gewebenetzwerk.de\/en\/lions-hornhautbank-wuerzburg\/\" \/>\n<meta property=\"og:site_name\" content=\"Deutsche Gesellschaft f\u00fcr Gewebetransplantation\" \/>\n<meta property=\"article:publisher\" content=\"https:\/\/www.facebook.com\/DGFG.de\" \/>\n<meta name=\"twitter:card\" content=\"summary_large_image\" \/>\n<meta name=\"twitter:site\" content=\"@gewebenetzwerk\" \/>\n<meta name=\"twitter:label1\" content=\"Est. reading time\" \/>\n\t<meta name=\"twitter:data1\" content=\"1 minute\" \/>\n<script type=\"application\/ld+json\" class=\"yoast-schema-graph\">{\"@context\":\"https:\/\/schema.org\",\"@graph\":[{\"@type\":\"WebPage\",\"@id\":\"https:\/\/gewebenetzwerk.de\/en\/lions-hornhautbank-wuerzburg\/\",\"url\":\"https:\/\/gewebenetzwerk.de\/en\/lions-hornhautbank-wuerzburg\/\",\"name\":\"Lions Hornhautbank W\u00fcrzburg_eng - Deutsche Gesellschaft f\u00fcr Gewebetransplantation\",\"isPartOf\":{\"@id\":\"https:\/\/gewebenetzwerk.de\/#website\"},\"datePublished\":\"2019-07-23T12:17:54+00:00\",\"breadcrumb\":{\"@id\":\"https:\/\/gewebenetzwerk.de\/en\/lions-hornhautbank-wuerzburg\/#breadcrumb\"},\"inLanguage\":\"en-US\",\"potentialAction\":[{\"@type\":\"ReadAction\",\"target\":[\"https:\/\/gewebenetzwerk.de\/en\/lions-hornhautbank-wuerzburg\/\"]}]},{\"@type\":\"BreadcrumbList\",\"@id\":\"https:\/\/gewebenetzwerk.de\/en\/lions-hornhautbank-wuerzburg\/#breadcrumb\",\"itemListElement\":[{\"@type\":\"ListItem\",\"position\":1,\"name\":\"Home\",\"item\":\"https:\/\/gewebenetzwerk.de\/en\/startseite_eng\/\"},{\"@type\":\"ListItem\",\"position\":2,\"name\":\"Lions Hornhautbank W\u00fcrzburg_eng\"}]},{\"@type\":\"WebSite\",\"@id\":\"https:\/\/gewebenetzwerk.de\/#website\",\"url\":\"https:\/\/gewebenetzwerk.de\/\",\"name\":\"Deutsche Gesellschaft f\u00fcr Gewebetransplantation\",\"description\":\"Das Netzwerk f\u00fcr Gewebespende und Gewebetransplantation\",\"potentialAction\":[{\"@type\":\"SearchAction\",\"target\":{\"@type\":\"EntryPoint\",\"urlTemplate\":\"https:\/\/gewebenetzwerk.de\/?s={search_term_string}\"},\"query-input\":{\"@type\":\"PropertyValueSpecification\",\"valueRequired\":true,\"valueName\":\"search_term_string\"}}],\"inLanguage\":\"en-US\"}]}<\/script>\n<!-- \/ Yoast SEO plugin. -->","yoast_head_json":{"title":"Lions Hornhautbank W\u00fcrzburg_eng - Deutsche Gesellschaft f\u00fcr Gewebetransplantation","robots":{"index":"index","follow":"follow","max-snippet":"max-snippet:-1","max-image-preview":"max-image-preview:large","max-video-preview":"max-video-preview:-1"},"canonical":"https:\/\/gewebenetzwerk.de\/en\/lions-hornhautbank-wuerzburg\/","og_locale":"en_US","og_type":"article","og_title":"Lions Hornhautbank W\u00fcrzburg_eng - Deutsche Gesellschaft f\u00fcr Gewebetransplantation","og_url":"https:\/\/gewebenetzwerk.de\/en\/lions-hornhautbank-wuerzburg\/","og_site_name":"Deutsche Gesellschaft f\u00fcr Gewebetransplantation","article_publisher":"https:\/\/www.facebook.com\/DGFG.de","twitter_card":"summary_large_image","twitter_site":"@gewebenetzwerk","twitter_misc":{"Est. reading time":"1 minute"},"schema":{"@context":"https:\/\/schema.org","@graph":[{"@type":"WebPage","@id":"https:\/\/gewebenetzwerk.de\/en\/lions-hornhautbank-wuerzburg\/","url":"https:\/\/gewebenetzwerk.de\/en\/lions-hornhautbank-wuerzburg\/","name":"Lions Hornhautbank W\u00fcrzburg_eng - Deutsche Gesellschaft f\u00fcr Gewebetransplantation","isPartOf":{"@id":"https:\/\/gewebenetzwerk.de\/#website"},"datePublished":"2019-07-23T12:17:54+00:00","breadcrumb":{"@id":"https:\/\/gewebenetzwerk.de\/en\/lions-hornhautbank-wuerzburg\/#breadcrumb"},"inLanguage":"en-US","potentialAction":[{"@type":"ReadAction","target":["https:\/\/gewebenetzwerk.de\/en\/lions-hornhautbank-wuerzburg\/"]}]},{"@type":"BreadcrumbList","@id":"https:\/\/gewebenetzwerk.de\/en\/lions-hornhautbank-wuerzburg\/#breadcrumb","itemListElement":[{"@type":"ListItem","position":1,"name":"Home","item":"https:\/\/gewebenetzwerk.de\/en\/startseite_eng\/"},{"@type":"ListItem","position":2,"name":"Lions Hornhautbank W\u00fcrzburg_eng"}]},{"@type":"WebSite","@id":"https:\/\/gewebenetzwerk.de\/#website","url":"https:\/\/gewebenetzwerk.de\/","name":"Deutsche Gesellschaft f\u00fcr Gewebetransplantation","description":"Das Netzwerk f\u00fcr Gewebespende und Gewebetransplantation","potentialAction":[{"@type":"SearchAction","target":{"@type":"EntryPoint","urlTemplate":"https:\/\/gewebenetzwerk.de\/?s={search_term_string}"},"query-input":{"@type":"PropertyValueSpecification","valueRequired":true,"valueName":"search_term_string"}}],"inLanguage":"en-US"}]}},"_links":{"self":[{"href":"https:\/\/gewebenetzwerk.de\/en\/wp-json\/wp\/v2\/pages\/9134","targetHints":{"allow":["GET"]}}],"collection":[{"href":"https:\/\/gewebenetzwerk.de\/en\/wp-json\/wp\/v2\/pages"}],"about":[{"href":"https:\/\/gewebenetzwerk.de\/en\/wp-json\/wp\/v2\/types\/page"}],"author":[{"embeddable":true,"href":"https:\/\/gewebenetzwerk.de\/en\/wp-json\/wp\/v2\/users\/7"}],"replies":[{"embeddable":true,"href":"https:\/\/gewebenetzwerk.de\/en\/wp-json\/wp\/v2\/comments?post=9134"}],"version-history":[{"count":8,"href":"https:\/\/gewebenetzwerk.de\/en\/wp-json\/wp\/v2\/pages\/9134\/revisions"}],"predecessor-version":[{"id":9736,"href":"https:\/\/gewebenetzwerk.de\/en\/wp-json\/wp\/v2\/pages\/9134\/revisions\/9736"}],"wp:attachment":[{"href":"https:\/\/gewebenetzwerk.de\/en\/wp-json\/wp\/v2\/media?parent=9134"}],"curies":[{"name":"wp","href":"https:\/\/api.w.org\/{rel}","templated":true}]}}