{"id":9004,"date":"2019-07-23T14:23:26","date_gmt":"2019-07-23T12:23:26","guid":{"rendered":"https:\/\/gewebenetzwerk.de\/?page_id=9004"},"modified":"2026-03-17T08:42:50","modified_gmt":"2026-03-17T07:42:50","slug":"dmek-lamelle","status":"publish","type":"page","link":"https:\/\/gewebenetzwerk.de\/en\/dmek-lamelle\/","title":{"rendered":"DMEK Lamelle_eng"},"content":{"rendered":"<div  style='padding-bottom:10px; ' class='av-special-heading av-special-heading-h1    avia-builder-el-0  el_before_av_two_third  avia-builder-el-first  '><h1 class='av-special-heading-tag '  itemprop=\"headline\"  >LaMEK \u2013 Pre-Cut Grafts for DMEK<\/h1><div class='special-heading-border'><div class='special-heading-inner-border' ><\/div><\/div><\/div>\n<div class=\"flex_column av_two_third  flex_column_div av-zero-column-padding first  avia-builder-el-1  el_after_av_heading  el_before_av_one_third  \" style='border-radius:0px; '><section class=\"av_textblock_section \"  itemscope=\"itemscope\" itemtype=\"https:\/\/schema.org\/CreativeWork\" ><div class='avia_textblock  '   itemprop=\"text\" ><p>Lamellar transplant techniques, in particular Descemet Membrane Endothelial Keratoplasty (DMEK) have changed the field of cornea transplants. The vision of the patient recovers faster. An additional trauma, caused by stitching the donor\u2019s cornea, is eliminated. The DGFG provides the only institution in Germany, where you can find pre-cut human corneal transplants for your DMEK transplantations. The transplants for DMEK come from the Tissue Bank Hanover, the Cornea and Tissue Bank Schwerin or the Knappschafts Tissue Bank Saar in Sulzbach.<\/p>\n<p>The pre-cut grafts for DMEK \u2013 Lamek \u2013 replaces the diseased endothelial layer of the cornea, that is affected by diseases of the corneal endothelium. At the time of the operation there must be no irreversible, optically-related clouding or scarring of the cornea of the recipient. The pre-cut graft may be used exclusively for DMEK. A DMEK is possible, among others, for the following disorders of the corneal endothelium:<\/p>\n<ul>\n<li>Fuchs`corneal endothelial dystrophy<\/li>\n<li>Forms of Bullous kerathopathy<\/li>\n<li>Endothelium failure after already performed penetrating keratoplasty or Descemet Stripping Automated Endothelial Keratoplasty (DSAEK)<\/li>\n<\/ul>\n<\/div><\/section><\/div><div class=\"flex_column av_one_third  flex_column_div av-zero-column-padding   avia-builder-el-3  el_after_av_two_third  el_before_av_one_half  \" style='border-radius:0px; '><article  class=\"iconbox iconbox_top main_color    avia-builder-el-4  avia-builder-el-no-sibling  \"  itemscope=\"itemscope\" itemtype=\"https:\/\/schema.org\/CreativeWork\" ><div class=\"iconbox_content\"><header class=\"entry-content-header\"><a href='https:\/\/gewebenetzwerk.de\/en\/lamek-preloaded\/'  title='New: LaMEK preloaded'  class=\"iconbox_icon heading-color \" aria-hidden='true' data-av_icon='\ue826' data-av_iconfont='entypo-fontello'  ><\/a><h3 class='iconbox_content_title  '  itemprop=\"headline\"  ><a href='https:\/\/gewebenetzwerk.de\/en\/lamek-preloaded\/'  class='' title='New: LaMEK preloaded' >New: LaMEK preloaded<\/a><\/h3><\/header><div class='iconbox_content_container  '  itemprop=\"text\"  ><p><a href=\"https:\/\/gewebenetzwerk.de\/en\/lamek-preloaded\/\">Ready-to-use corneal grafts for DMEK in the transport cartridge<\/a><\/p>\n<\/div><\/div><footer class=\"entry-footer\"><\/footer><\/article><\/div><\/p>\n<div class=\"flex_column av_one_half  flex_column_div av-zero-column-padding first  avia-builder-el-5  el_after_av_one_third  el_before_av_one_half  column-top-margin\" style='border-radius:0px; '><div  class='avia-icon-list-container   avia-builder-el-6  avia-builder-el-no-sibling '><ul class='avia-icon-list avia-icon-list-left av-iconlist-big avia_animate_when_almost_visible avia-iconlist-animate'>\n<li><div  class='iconlist_icon  avia-font-entypo-fontello'><span class='iconlist-char ' aria-hidden='true' data-av_icon='\ue816' data-av_iconfont='entypo-fontello'><\/span><\/div><article class=\"article-icon-entry av-iconlist-empty\"  itemscope=\"itemscope\" itemtype=\"https:\/\/schema.org\/CreativeWork\" ><div class='iconlist_content_wrap'><header class=\"entry-content-header\"><h4 class='av_iconlist_title iconlist_title   '  itemprop=\"headline\"  >Standardized production under aseptic conditions<\/h4><\/header><div class='iconlist_content  '  itemprop=\"text\"  ><\/div><\/div><footer class=\"entry-footer\"><\/footer><\/article><div class='iconlist-timeline'><\/div><\/li>\n<li><div  class='iconlist_icon  avia-font-entypo-fontello'><span class='iconlist-char ' aria-hidden='true' data-av_icon='\ue816' data-av_iconfont='entypo-fontello'><\/span><\/div><article class=\"article-icon-entry av-iconlist-empty\"  itemscope=\"itemscope\" itemtype=\"https:\/\/schema.org\/CreativeWork\" ><div class='iconlist_content_wrap'><header class=\"entry-content-header\"><h4 class='av_iconlist_title iconlist_title   '  itemprop=\"headline\"  >Preparation by experienced personnel<\/h4><\/header><div class='iconlist_content  '  itemprop=\"text\"  ><\/div><\/div><footer class=\"entry-footer\"><\/footer><\/article><div class='iconlist-timeline'><\/div><\/li>\n<li><div  class='iconlist_icon  avia-font-entypo-fontello'><span class='iconlist-char ' aria-hidden='true' data-av_icon='\ue816' data-av_iconfont='entypo-fontello'><\/span><\/div><article class=\"article-icon-entry av-iconlist-empty\"  itemscope=\"itemscope\" itemtype=\"https:\/\/schema.org\/CreativeWork\" ><div class='iconlist_content_wrap'><header class=\"entry-content-header\"><h4 class='av_iconlist_title iconlist_title   '  itemprop=\"headline\"  >Minimal risk of errors in the operating room<\/h4><\/header><div class='iconlist_content  '  itemprop=\"text\"  ><\/div><\/div><footer class=\"entry-footer\"><\/footer><\/article><div class='iconlist-timeline'><\/div><\/li>\n<li><div  class='iconlist_icon  avia-font-entypo-fontello'><span class='iconlist-char ' aria-hidden='true' data-av_icon='\ue816' data-av_iconfont='entypo-fontello'><\/span><\/div><article class=\"article-icon-entry av-iconlist-empty\"  itemscope=\"itemscope\" itemtype=\"https:\/\/schema.org\/CreativeWork\" ><div class='iconlist_content_wrap'><header class=\"entry-content-header\"><h4 class='av_iconlist_title iconlist_title   '  itemprop=\"headline\"  >Delivery on time and ready to use<\/h4><\/header><div class='iconlist_content  '  itemprop=\"text\"  ><\/div><\/div><footer class=\"entry-footer\"><\/footer><\/article><div class='iconlist-timeline'><\/div><\/li>\n<li><div  class='iconlist_icon  avia-font-entypo-fontello'><span class='iconlist-char ' aria-hidden='true' data-av_icon='\ue816' data-av_iconfont='entypo-fontello'><\/span><\/div><article class=\"article-icon-entry av-iconlist-empty\"  itemscope=\"itemscope\" itemtype=\"https:\/\/schema.org\/CreativeWork\" ><div class='iconlist_content_wrap'><header class=\"entry-content-header\"><h4 class='av_iconlist_title iconlist_title   '  itemprop=\"headline\"  >Reduction of preparation time in the operating room<\/h4><\/header><div class='iconlist_content  '  itemprop=\"text\"  ><\/div><\/div><footer class=\"entry-footer\"><\/footer><\/article><div class='iconlist-timeline'><\/div><\/li>\n<li><div  class='iconlist_icon  avia-font-entypo-fontello'><span class='iconlist-char ' aria-hidden='true' data-av_icon='\ue816' data-av_iconfont='entypo-fontello'><\/span><\/div><article class=\"article-icon-entry av-iconlist-empty\"  itemscope=\"itemscope\" itemtype=\"https:\/\/schema.org\/CreativeWork\" ><div class='iconlist_content_wrap'><header class=\"entry-content-header\"><h4 class='av_iconlist_title iconlist_title   '  itemprop=\"headline\"  >Microbiological control after production<\/h4><\/header><div class='iconlist_content  '  itemprop=\"text\"  ><\/div><\/div><footer class=\"entry-footer\"><\/footer><\/article><div class='iconlist-timeline'><\/div><\/li>\n<\/ul><\/div><\/div>\n<div class=\"flex_column av_one_half  flex_column_div av-zero-column-padding   avia-builder-el-7  el_after_av_one_half  el_before_av_one_full  column-top-margin\" style='border-radius:0px; '><div  class='avia-image-container  av-styling-  noHover  av-overlay-on-hover   avia-builder-el-8  avia-builder-el-no-sibling  avia-align-center '  itemprop=\"image\" itemscope=\"itemscope\" itemtype=\"https:\/\/schema.org\/ImageObject\"  ><div class='avia-image-container-inner'><div class='avia-image-overlay-wrap'><div class='av-image-caption-overlay'><div class='av-caption-image-overlay-bg' style='opacity:0.4; background-color:#f47546; '><\/div><div class='av-image-caption-overlay-position'><div class='av-image-caption-overlay-center' style='color:#ffffff; font-size:18px; '><p>Viewing chamber: The prepared cornea rests with the endothelium side up on the carrier ring. The lamella is stripped off except for a central area. This point fixes the lamella to the stroma. The user can easily remove the lamella for the DMEK with tweezers.<\/p>\n<\/div><\/div><\/div><img decoding=\"async\" class='wp-image-9008 avia-img-lazy-loading-not-9008 avia_image' src=\"https:\/\/gewebenetzwerk.de\/wp-content\/uploads\/2015\/12\/LaMEK_Vorpr\u00e4parierte-Hornhaut-f\u00fcr-DMEK.jpg\" alt='' title='LaMEK_Vorpr\u00e4parierte Hornhaut f\u00fcr DMEK' height=\"499\" width=\"665\"  itemprop=\"thumbnailUrl\" srcset=\"https:\/\/gewebenetzwerk.de\/wp-content\/uploads\/2015\/12\/LaMEK_Vorpr\u00e4parierte-Hornhaut-f\u00fcr-DMEK.jpg 665w, https:\/\/gewebenetzwerk.de\/wp-content\/uploads\/2015\/12\/LaMEK_Vorpr\u00e4parierte-Hornhaut-f\u00fcr-DMEK-600x450.jpg 600w\" sizes=\"(max-width: 665px) 100vw, 665px\" \/><\/div><\/div><\/div><\/div>\n<div class=\"flex_column av_one_full  flex_column_div av-zero-column-padding first  avia-builder-el-9  el_after_av_one_half  el_before_av_one_third  column-top-margin\" style='border-radius:0px; '><section class=\"av_textblock_section \"  itemscope=\"itemscope\" itemtype=\"https:\/\/schema.org\/CreativeWork\" ><div class='avia_textblock  '   itemprop=\"text\" ><h3>Patient registration<\/h3>\n<p>You can register your patient into our database either online or by fax. We are happy to set up an online account for you with our <a href=\"http:\/\/www.gewebetransplantation.de\/\" target=\"_blank\" rel=\"noopener\">database<\/a>. Once a suitable transplant is available, you will receive a quote with all available information. For registration we require the patient data, the underlying disease, any other relevant diseases, and information about any previous surgery on the eye.<\/p>\n<h3>Costs and Transport<\/h3>\n<p>For the provision of a LaMEK graft, the DGFG calculates a uniform, tissue-dependent reimbursement of the expenses, with all the costs of the donation, processing and transport being paid. They are delivered by overnight courier (within Germany only, international delivery may vary). Prices are available upon request.<\/p>\n<\/div><\/section><\/div>\n<div class=\"flex_column av_one_third  flex_column_div av-zero-column-padding first  avia-builder-el-11  el_after_av_one_full  el_before_av_two_third  column-top-margin\" style='border-radius:0px; '><div  class='avia-image-container  av-styling-    avia-builder-el-12  avia-builder-el-no-sibling  avia-align-center '  itemprop=\"image\" itemscope=\"itemscope\" itemtype=\"https:\/\/schema.org\/ImageObject\"  ><div class='avia-image-container-inner'><div class='avia-image-overlay-wrap'><img decoding=\"async\" class='wp-image-9007 avia-img-lazy-loading-not-9007 avia_image' src=\"https:\/\/gewebenetzwerk.de\/wp-content\/uploads\/2015\/12\/IMG_8022bearbeitet_Lamelle.jpg\" alt='' title='IMG_8022bearbeitet_Lamelle' height=\"443\" width=\"665\"  itemprop=\"thumbnailUrl\" srcset=\"https:\/\/gewebenetzwerk.de\/wp-content\/uploads\/2015\/12\/IMG_8022bearbeitet_Lamelle.jpg 665w, https:\/\/gewebenetzwerk.de\/wp-content\/uploads\/2015\/12\/IMG_8022bearbeitet_Lamelle-600x400.jpg 600w\" sizes=\"(max-width: 665px) 100vw, 665px\" \/><\/div><\/div><\/div><\/div>\n<div class=\"flex_column av_two_third  flex_column_div av-zero-column-padding   avia-builder-el-13  el_after_av_one_third  el_before_av_hr  column-top-margin\" style='border-radius:0px; '><section class=\"av_textblock_section \"  itemscope=\"itemscope\" itemtype=\"https:\/\/schema.org\/CreativeWork\" ><div class='avia_textblock  '   itemprop=\"text\" ><h3 align=\"LEFT\">What you should know:<\/h3>\n<ul>\n<li>OP-Day, Monday to Friday<\/li>\n<li>Diameter: 8.5 mm (special sizes are possible)<\/li>\n<li>Minimum number of cells being shipped: 2.000\/mm\u00b2<\/li>\n<li>Delivery on the day of surgery (regulatory requirements do not allow delivery the day before)<\/li>\n<li>Safe shipping in a practical shipping container: Viewing Chamber<\/li>\n<\/ul>\n<\/div><\/section><\/div>\n<div  style='height:50px' class='hr hr-invisible   avia-builder-el-15  el_after_av_two_third  el_before_av_content_slider '><span class='hr-inner ' ><span class='hr-inner-style'><\/span><\/span><\/div>\n<div   data-autoplay='false'  data-interval='5'  data-animation='slide'  data-show_slide_delay='30'  class='avia-content-slider-element-container avia-content-slider-element-slider avia-content-slider avia-smallarrow-slider avia-content-slider-active avia-content-slider1 avia-content-slider-odd  avia-builder-el-16  el_after_av_hr  avia-builder-el-last  ' ><div class='avia-smallarrow-slider-heading  no-content-slider-heading '><div class='new-special-heading'>&nbsp;<\/div><\/div><div class='avia-content-slider-inner'><div class='slide-entry-wrap'><section class='slide-entry flex_column post-entry slide-entry-overview slide-loop-1 slide-parity-odd  av_one_fifth first'  itemscope=\"itemscope\" itemtype=\"https:\/\/schema.org\/CreativeWork\" ><h3 class='slide-entry-title entry-title '  itemprop=\"headline\" ><a href='https:\/\/gewebenetzwerk.de\/wp-content\/uploads\/2015\/12\/Flyer_DGFG_Lamelle.pdf' target=\"_blank\" rel=\"noopener noreferrer\" title='LaMEK-Flyer zum Download'>LaMEK-Flyer zum Download<\/a><\/h3><div class='slide-entry-excerpt entry-content'  itemprop=\"text\" ><p><a href=\"https:\/\/gewebenetzwerk.de\/wp-content\/uploads\/2015\/12\/Flyer_DGFG_Lamelle_Homepage_Seite_1.jpg\"><img loading=\"lazy\" decoding=\"async\" class=\"alignnone wp-image-3966 size-full\" src=\"https:\/\/gewebenetzwerk.de\/wp-content\/uploads\/2015\/12\/Flyer_DGFG_Lamelle_Homepage_Seite_1.jpg\" alt=\"\" width=\"588\" height=\"1252\" srcset=\"https:\/\/gewebenetzwerk.de\/wp-content\/uploads\/2015\/12\/Flyer_DGFG_Lamelle_Homepage_Seite_1.jpg 588w, https:\/\/gewebenetzwerk.de\/wp-content\/uploads\/2015\/12\/Flyer_DGFG_Lamelle_Homepage_Seite_1-282x600.jpg 282w\" sizes=\"auto, (max-width: 588px) 100vw, 588px\" \/><\/a><\/p>\n<\/div><\/section><section class='slide-entry flex_column post-entry slide-entry-overview slide-loop-2 slide-parity-even  av_one_fifth '  itemscope=\"itemscope\" itemtype=\"https:\/\/schema.org\/CreativeWork\" ><h3 class='slide-entry-title entry-title '  itemprop=\"headline\" ><a href='https:\/\/eyebankingjournal.org\/article\/pre-prepared-corneal-grafts-for-facilitated-descemet-membrane-endothelial-keratoplasty-dmek-controlled-and-standardized-manufacturing-in-the-eye-bank-may-lead-to-reduced-re-dmek-rates\/' target=\"_blank\" rel=\"noopener noreferrer\" title='International Journal of Eyebanking 2018 Vol. 6, No 3'>International Journal of Eyebanking 2018 Vol. 6, No 3<\/a><\/h3><div class='slide-entry-excerpt entry-content'  itemprop=\"text\" ><p class=\"blue-text ebaa-page-title\"><em>Pre-prepared Corneal Grafts for Facilitated Descemet Membrane Endothelial Keratoplasty (DMEK) \u2014 Controlled and Standardized Manufacturing in the Eye Bank May Lead to Reduced re-DMEK Rates<\/em><\/p>\n<\/div><\/section><section class='slide-entry flex_column post-entry slide-entry-overview slide-loop-3 slide-parity-odd  av_one_fifth '  itemscope=\"itemscope\" itemtype=\"https:\/\/schema.org\/CreativeWork\" ><h3 class='slide-entry-title entry-title '  itemprop=\"headline\" ><a href='https:\/\/gewebenetzwerk.de\/verwendung-vorpraeparierter-hornhauttransplantate-fuer-dmek\/' target=\"_blank\" rel=\"noopener noreferrer\" title='Beitrag: Verwendung vorpr\u00e4parierter Hornhauttransplantate f\u00fcr DMEK'>Beitrag: Verwendung vorpr\u00e4parierter Hornhauttransplantate f\u00fcr DMEK<\/a><\/h3><div class='slide-entry-excerpt entry-content'  itemprop=\"text\" ><p>Kenntnisstand zu Transplantat\u00fcberleben und klinischem Erfolg<\/p>\n<p><img loading=\"lazy\" decoding=\"async\" class=\"alignnone wp-image-2561 size-medium\" src=\"https:\/\/gewebenetzwerk.de\/wp-content\/uploads\/2017\/02\/DGFG-Retransplantationen-Lamek-DMEK2-600x337.jpg\" alt=\"\" width=\"600\" height=\"337\" srcset=\"https:\/\/gewebenetzwerk.de\/wp-content\/uploads\/2017\/02\/DGFG-Retransplantationen-Lamek-DMEK2-600x337.jpg 600w, https:\/\/gewebenetzwerk.de\/wp-content\/uploads\/2017\/02\/DGFG-Retransplantationen-Lamek-DMEK2.jpg 730w\" sizes=\"auto, (max-width: 600px) 100vw, 600px\" \/><\/p>\n<\/div><\/section><section class='slide-entry flex_column post-entry slide-entry-overview slide-loop-4 slide-parity-even  av_one_fifth '  itemscope=\"itemscope\" itemtype=\"https:\/\/schema.org\/CreativeWork\" ><h3 class='slide-entry-title entry-title '  itemprop=\"headline\" ><a href='https:\/\/www.gewebenetzwerk.de\/wp-content\/uploads\/2015\/12\/DER_AUGENSPIEGEL_9_2016_Hofmann.pdf' target=\"_blank\" rel=\"noopener noreferrer\" title='Der Augenspiegel 09\/2016'>Der Augenspiegel 09\/2016<\/a><\/h3><div class='slide-entry-excerpt entry-content'  itemprop=\"text\" ><p><em>Vorpr\u00e4parierte Hornhautransplantate f\u00fcr DMEK \u2013 Kontrollierte Herstellung in der Gewebebank<\/em><\/p>\n<\/div><\/section><section class='slide-entry flex_column post-entry slide-entry-overview slide-loop-5 slide-parity-odd  post-entry-last  av_one_fifth '  itemscope=\"itemscope\" itemtype=\"https:\/\/schema.org\/CreativeWork\" ><h3 class='slide-entry-title entry-title '  itemprop=\"headline\" ><a href='https:\/\/gewebenetzwerk.de\/hornhauttransplantation-sicherer\/' target=\"_blank\" rel=\"noopener noreferrer\" title='Beitrag: LaMEK macht die DMEK-OP sicherer'>Beitrag: LaMEK macht die DMEK-OP sicherer<\/a><\/h3><div class='slide-entry-excerpt entry-content'  itemprop=\"text\" ><p>Vermittlung der 100. vorpr\u00e4parierten Augenhornhautlamelle an einen Patienten aus Rostock<\/p>\n<p><img loading=\"lazy\" decoding=\"async\" class=\"alignnone wp-image-1778 size-medium\" src=\"https:\/\/gewebenetzwerk.de\/wp-content\/uploads\/2016\/08\/LaMEK_Praeparation-600x382.jpg\" alt=\"\" width=\"600\" height=\"382\" srcset=\"https:\/\/gewebenetzwerk.de\/wp-content\/uploads\/2016\/08\/LaMEK_Praeparation-600x382.jpg 600w, https:\/\/gewebenetzwerk.de\/wp-content\/uploads\/2016\/08\/LaMEK_Praeparation.jpg 665w\" sizes=\"auto, (max-width: 600px) 100vw, 600px\" \/><\/p>\n<\/div><\/section><\/div><\/div><\/div>\n","protected":false},"excerpt":{"rendered":"","protected":false},"author":7,"featured_media":0,"parent":0,"menu_order":0,"comment_status":"closed","ping_status":"closed","template":"","meta":{"footnotes":""},"class_list":["post-9004","page","type-page","status-publish","hentry"],"yoast_head":"<!-- This site is optimized with the Yoast SEO plugin v25.7 - https:\/\/yoast.com\/wordpress\/plugins\/seo\/ -->\n<title>DMEK Lamelle_eng - Deutsche Gesellschaft f\u00fcr Gewebetransplantation<\/title>\n<meta name=\"robots\" content=\"index, follow, max-snippet:-1, max-image-preview:large, max-video-preview:-1\" \/>\n<link rel=\"canonical\" href=\"https:\/\/gewebenetzwerk.de\/en\/dmek-lamelle\/\" \/>\n<meta property=\"og:locale\" content=\"en_US\" \/>\n<meta property=\"og:type\" content=\"article\" \/>\n<meta property=\"og:title\" content=\"DMEK Lamelle_eng - Deutsche Gesellschaft f\u00fcr Gewebetransplantation\" \/>\n<meta property=\"og:url\" content=\"https:\/\/gewebenetzwerk.de\/en\/dmek-lamelle\/\" \/>\n<meta property=\"og:site_name\" content=\"Deutsche Gesellschaft f\u00fcr Gewebetransplantation\" \/>\n<meta property=\"article:publisher\" content=\"https:\/\/www.facebook.com\/DGFG.de\" \/>\n<meta property=\"article:modified_time\" content=\"2026-03-17T07:42:50+00:00\" \/>\n<meta property=\"og:image\" content=\"https:\/\/gewebenetzwerk.de\/wp-content\/uploads\/2015\/12\/Flyer_DGFG_Lamelle_Homepage_Seite_1.jpg\" \/>\n<meta name=\"twitter:card\" content=\"summary_large_image\" \/>\n<meta name=\"twitter:site\" content=\"@gewebenetzwerk\" \/>\n<meta name=\"twitter:label1\" content=\"Est. reading time\" \/>\n\t<meta name=\"twitter:data1\" content=\"7 minutes\" \/>\n<script type=\"application\/ld+json\" class=\"yoast-schema-graph\">{\"@context\":\"https:\/\/schema.org\",\"@graph\":[{\"@type\":\"WebPage\",\"@id\":\"https:\/\/gewebenetzwerk.de\/en\/dmek-lamelle\/\",\"url\":\"https:\/\/gewebenetzwerk.de\/en\/dmek-lamelle\/\",\"name\":\"DMEK Lamelle_eng - Deutsche Gesellschaft f\u00fcr Gewebetransplantation\",\"isPartOf\":{\"@id\":\"https:\/\/gewebenetzwerk.de\/#website\"},\"primaryImageOfPage\":{\"@id\":\"https:\/\/gewebenetzwerk.de\/en\/dmek-lamelle\/#primaryimage\"},\"image\":{\"@id\":\"https:\/\/gewebenetzwerk.de\/en\/dmek-lamelle\/#primaryimage\"},\"thumbnailUrl\":\"https:\/\/gewebenetzwerk.de\/wp-content\/uploads\/2015\/12\/Flyer_DGFG_Lamelle_Homepage_Seite_1.jpg\",\"datePublished\":\"2019-07-23T12:23:26+00:00\",\"dateModified\":\"2026-03-17T07:42:50+00:00\",\"breadcrumb\":{\"@id\":\"https:\/\/gewebenetzwerk.de\/en\/dmek-lamelle\/#breadcrumb\"},\"inLanguage\":\"en-US\",\"potentialAction\":[{\"@type\":\"ReadAction\",\"target\":[\"https:\/\/gewebenetzwerk.de\/en\/dmek-lamelle\/\"]}]},{\"@type\":\"ImageObject\",\"inLanguage\":\"en-US\",\"@id\":\"https:\/\/gewebenetzwerk.de\/en\/dmek-lamelle\/#primaryimage\",\"url\":\"https:\/\/gewebenetzwerk.de\/wp-content\/uploads\/2015\/12\/Flyer_DGFG_Lamelle_Homepage_Seite_1.jpg\",\"contentUrl\":\"https:\/\/gewebenetzwerk.de\/wp-content\/uploads\/2015\/12\/Flyer_DGFG_Lamelle_Homepage_Seite_1.jpg\"},{\"@type\":\"BreadcrumbList\",\"@id\":\"https:\/\/gewebenetzwerk.de\/en\/dmek-lamelle\/#breadcrumb\",\"itemListElement\":[{\"@type\":\"ListItem\",\"position\":1,\"name\":\"Home\",\"item\":\"https:\/\/gewebenetzwerk.de\/en\/startseite_eng\/\"},{\"@type\":\"ListItem\",\"position\":2,\"name\":\"DMEK Lamelle_eng\"}]},{\"@type\":\"WebSite\",\"@id\":\"https:\/\/gewebenetzwerk.de\/#website\",\"url\":\"https:\/\/gewebenetzwerk.de\/\",\"name\":\"Deutsche Gesellschaft f\u00fcr Gewebetransplantation\",\"description\":\"Das Netzwerk f\u00fcr Gewebespende und Gewebetransplantation\",\"potentialAction\":[{\"@type\":\"SearchAction\",\"target\":{\"@type\":\"EntryPoint\",\"urlTemplate\":\"https:\/\/gewebenetzwerk.de\/?s={search_term_string}\"},\"query-input\":{\"@type\":\"PropertyValueSpecification\",\"valueRequired\":true,\"valueName\":\"search_term_string\"}}],\"inLanguage\":\"en-US\"}]}<\/script>\n<!-- \/ Yoast SEO plugin. -->","yoast_head_json":{"title":"DMEK Lamelle_eng - Deutsche Gesellschaft f\u00fcr Gewebetransplantation","robots":{"index":"index","follow":"follow","max-snippet":"max-snippet:-1","max-image-preview":"max-image-preview:large","max-video-preview":"max-video-preview:-1"},"canonical":"https:\/\/gewebenetzwerk.de\/en\/dmek-lamelle\/","og_locale":"en_US","og_type":"article","og_title":"DMEK Lamelle_eng - Deutsche Gesellschaft f\u00fcr Gewebetransplantation","og_url":"https:\/\/gewebenetzwerk.de\/en\/dmek-lamelle\/","og_site_name":"Deutsche Gesellschaft f\u00fcr Gewebetransplantation","article_publisher":"https:\/\/www.facebook.com\/DGFG.de","article_modified_time":"2026-03-17T07:42:50+00:00","og_image":[{"url":"https:\/\/gewebenetzwerk.de\/wp-content\/uploads\/2015\/12\/Flyer_DGFG_Lamelle_Homepage_Seite_1.jpg","type":"","width":"","height":""}],"twitter_card":"summary_large_image","twitter_site":"@gewebenetzwerk","twitter_misc":{"Est. reading time":"7 minutes"},"schema":{"@context":"https:\/\/schema.org","@graph":[{"@type":"WebPage","@id":"https:\/\/gewebenetzwerk.de\/en\/dmek-lamelle\/","url":"https:\/\/gewebenetzwerk.de\/en\/dmek-lamelle\/","name":"DMEK Lamelle_eng - Deutsche Gesellschaft f\u00fcr Gewebetransplantation","isPartOf":{"@id":"https:\/\/gewebenetzwerk.de\/#website"},"primaryImageOfPage":{"@id":"https:\/\/gewebenetzwerk.de\/en\/dmek-lamelle\/#primaryimage"},"image":{"@id":"https:\/\/gewebenetzwerk.de\/en\/dmek-lamelle\/#primaryimage"},"thumbnailUrl":"https:\/\/gewebenetzwerk.de\/wp-content\/uploads\/2015\/12\/Flyer_DGFG_Lamelle_Homepage_Seite_1.jpg","datePublished":"2019-07-23T12:23:26+00:00","dateModified":"2026-03-17T07:42:50+00:00","breadcrumb":{"@id":"https:\/\/gewebenetzwerk.de\/en\/dmek-lamelle\/#breadcrumb"},"inLanguage":"en-US","potentialAction":[{"@type":"ReadAction","target":["https:\/\/gewebenetzwerk.de\/en\/dmek-lamelle\/"]}]},{"@type":"ImageObject","inLanguage":"en-US","@id":"https:\/\/gewebenetzwerk.de\/en\/dmek-lamelle\/#primaryimage","url":"https:\/\/gewebenetzwerk.de\/wp-content\/uploads\/2015\/12\/Flyer_DGFG_Lamelle_Homepage_Seite_1.jpg","contentUrl":"https:\/\/gewebenetzwerk.de\/wp-content\/uploads\/2015\/12\/Flyer_DGFG_Lamelle_Homepage_Seite_1.jpg"},{"@type":"BreadcrumbList","@id":"https:\/\/gewebenetzwerk.de\/en\/dmek-lamelle\/#breadcrumb","itemListElement":[{"@type":"ListItem","position":1,"name":"Home","item":"https:\/\/gewebenetzwerk.de\/en\/startseite_eng\/"},{"@type":"ListItem","position":2,"name":"DMEK Lamelle_eng"}]},{"@type":"WebSite","@id":"https:\/\/gewebenetzwerk.de\/#website","url":"https:\/\/gewebenetzwerk.de\/","name":"Deutsche Gesellschaft f\u00fcr Gewebetransplantation","description":"Das Netzwerk f\u00fcr Gewebespende und Gewebetransplantation","potentialAction":[{"@type":"SearchAction","target":{"@type":"EntryPoint","urlTemplate":"https:\/\/gewebenetzwerk.de\/?s={search_term_string}"},"query-input":{"@type":"PropertyValueSpecification","valueRequired":true,"valueName":"search_term_string"}}],"inLanguage":"en-US"}]}},"_links":{"self":[{"href":"https:\/\/gewebenetzwerk.de\/en\/wp-json\/wp\/v2\/pages\/9004","targetHints":{"allow":["GET"]}}],"collection":[{"href":"https:\/\/gewebenetzwerk.de\/en\/wp-json\/wp\/v2\/pages"}],"about":[{"href":"https:\/\/gewebenetzwerk.de\/en\/wp-json\/wp\/v2\/types\/page"}],"author":[{"embeddable":true,"href":"https:\/\/gewebenetzwerk.de\/en\/wp-json\/wp\/v2\/users\/7"}],"replies":[{"embeddable":true,"href":"https:\/\/gewebenetzwerk.de\/en\/wp-json\/wp\/v2\/comments?post=9004"}],"version-history":[{"count":12,"href":"https:\/\/gewebenetzwerk.de\/en\/wp-json\/wp\/v2\/pages\/9004\/revisions"}],"predecessor-version":[{"id":32579,"href":"https:\/\/gewebenetzwerk.de\/en\/wp-json\/wp\/v2\/pages\/9004\/revisions\/32579"}],"wp:attachment":[{"href":"https:\/\/gewebenetzwerk.de\/en\/wp-json\/wp\/v2\/media?parent=9004"}],"curies":[{"name":"wp","href":"https:\/\/api.w.org\/{rel}","templated":true}]}}