{"id":8444,"date":"2019-07-23T12:20:17","date_gmt":"2019-07-23T10:20:17","guid":{"rendered":"https:\/\/gewebenetzwerk.de\/?page_id=8444"},"modified":"2019-07-25T09:19:58","modified_gmt":"2019-07-25T07:19:58","slug":"hornhautspende","status":"publish","type":"page","link":"https:\/\/gewebenetzwerk.de\/en\/hornhautspende\/","title":{"rendered":"Hornhautspende_eng"},"content":{"rendered":"<div  style='padding-bottom:10px; ' class='av-special-heading av-special-heading-h1    avia-builder-el-0  el_before_av_one_full  avia-builder-el-first  '><h1 class='av-special-heading-tag '  itemprop=\"headline\"  >Back to eye sight thanks to corneal donation<\/h1><div class='special-heading-border'><div class='special-heading-inner-border' ><\/div><\/div><\/div>\n<div class=\"flex_column av_one_full  flex_column_div av-zero-column-padding first  avia-builder-el-1  el_after_av_heading  el_before_av_one_third  \" style='border-radius:0px; '><section class=\"av_textblock_section \"  itemscope=\"itemscope\" itemtype=\"https:\/\/schema.org\/CreativeWork\" ><div class='avia_textblock  '   itemprop=\"text\" ><p>Many people who die in hospital, a palliative care unit or a hospice can donate tissue. A corneal donation is also possible in other suitable rooms of e.g. burial institutes due to the relatively long time window for tissue removal. The DGFG can realize this in all regions within<strong> 72 hours after cardiac arrest<\/strong>, whether in Mecklenburg-Western Pomerania, Saxony or Baden-Wuerttemberg. Even people with <strong>cancer, glasses or at old age<\/strong> can donate their corneas. Disease patterns such as <strong>cataracts, glaucoma, long- or nearsightedness<\/strong> <strong>as well as a corneal curvature<\/strong> are no exclusion criteria.<\/p>\n<h3>Basic requirements<\/h3>\n<ol>\n<li>The notification of a potential tissue donor usually takes place via the deceased reports in the hospitals.\u00a0If someone dies at home or is even already at the undertaker&#8217;s, relatives and the undertaker himself can report a potential donor to the DGFG at <strong>0800 &#8211; 511 5000<\/strong> (only for calls from within Germany).<\/li>\n<li>A doctor must have confirmed the death of the deceased without any medical doubt.<\/li>\n<li>The DGFG conducts an informative conversation with the relatives. If there is no written or oral will of the deceased, the relatives may also decide (\u00a7 4 TPG).<\/li>\n<li>There must be no medical grounds for exclusion. These include serious neurological diseases (e.g. Alzheimer&#8217;s disease, Parkinson&#8217;s disease, amyotrophic lateral sclerosis, multiple sclerosis), tumours of the haematopoietic system (e.g. leukaemia, myelodysplastic syndrome, lymphomas, plasmocytoma) or infectious diseases such as HIV, hepatitis B and C.<\/li>\n<li>For a comprehensive donor diagnosis a blood sample of the deceased must be available. The blood sample can be taken by a coordinator of the DGFG within 24 hours of death after the relatives have given their consent.<\/li>\n<\/ol>\n<\/div><\/section><\/div>\n<div class=\"flex_column av_one_third  flex_column_div av-zero-column-padding first  avia-builder-el-3  el_after_av_one_full  el_before_av_one_third  column-top-margin\" style='border-radius:0px; '><section class=\"av_textblock_section \"  itemscope=\"itemscope\" itemtype=\"https:\/\/schema.org\/CreativeWork\" ><div class='avia_textblock  '   itemprop=\"text\" ><h3 style=\"text-align: center;\">When are you too old for a corneal donation?<\/h3>\n<blockquote>\n<p style=\"text-align: center;\">There is no upper age limit for the donation of ophthalmologic tissue (eye). Tissue removal is also possible in old age. A restriction applies to donors under 3 years of age. The majority of corneal donors are 75 years and older.<\/p>\n<\/blockquote>\n<\/div><\/section><\/div>\n<div class=\"flex_column av_one_third  flex_column_div av-zero-column-padding   avia-builder-el-5  el_after_av_one_third  el_before_av_one_third  column-top-margin\" style='border-radius:0px; '><section class=\"av_textblock_section \"  itemscope=\"itemscope\" itemtype=\"https:\/\/schema.org\/CreativeWork\" ><div class='avia_textblock  '   itemprop=\"text\" ><h3 style=\"text-align: center;\">Does a corneal donation disfigure the face?<\/h3>\n<blockquote>\n<p style=\"text-align: center;\">The eyeballs are removed during corneal donation. <strong>Glass prostheses in the eye colour of the deceased<\/strong> ensure the reverent and respectful restoration of the donor&#8217;s appearance.\u00a0Angeh\u00f6rige haben die M\u00f6glichkeit, sich in geb\u00fchrender Weise zu verabschieden. <strong>A laying out is possible<\/strong>, as is the performance of religious rituals.<\/p>\n<\/blockquote>\n<\/div><\/section><\/div>\n<div class=\"flex_column av_one_third  flex_column_div av-zero-column-padding   avia-builder-el-7  el_after_av_one_third  el_before_av_two_third  column-top-margin\" style='border-radius:0px; '><section class=\"av_textblock_section \"  itemscope=\"itemscope\" itemtype=\"https:\/\/schema.org\/CreativeWork\" ><div class='avia_textblock  '   itemprop=\"text\" ><h3 style=\"text-align: center;\">When is corneal donation out of the question?<\/h3>\n<blockquote>\n<p style=\"text-align: center;\">For reasons of recipient protection, tissue donation is not possible for certain diseases or infections. The medical service of the DGFG clarifies together with doctors and relatives whether a tissue donation is possible or whether there are <a href=\"https:\/\/gewebenetzwerk.de\/en\/voraussetzungen-gewebespende\/\">reasons for exclusion<\/a>. The exact procedure of a tissue donation can be read <a href=\"https:\/\/gewebenetzwerk.de\/en\/gewebespende-meldeweg\/\">here<\/a>.<\/p>\n<\/blockquote>\n<\/div><\/section><\/div><div class=\"flex_column av_two_third  flex_column_div av-zero-column-padding first  avia-builder-el-9  el_after_av_one_third  el_before_av_one_third  column-top-margin\" style='border-radius:0px; '><section class=\"av_textblock_section \"  itemscope=\"itemscope\" itemtype=\"https:\/\/schema.org\/CreativeWork\" ><div class='avia_textblock  '   itemprop=\"text\" ><h3>What happens to the donation?<\/h3>\n<p>Corneal donation is a small surgical procedure and can be done within half an hour. It is organised in close consultation with the undertaker. The relatives do not incur any additional costs and there are no delays. After transport to a corneal bank, the corneas are evaluated, prepared and stored until transplantation. If desired by the relatives, the DGFG will provide them with anonymous information on the tissue recipient a few weeks after transplantation.<\/p>\n<p>Tissue transplants improve the quality of life of many people. Corneal transplantation is the oldest, most common and also the most successful transplantation in the entire field of medicine. Around 7,000 times a year, doctors in Germany replace the diseased cornea with a human donor cornea. Transplant centres throughout Germany obtain corneas from the DGFG. Similar to organs, corneas, which belong to the tissues, are also in great need of donations. Even though the willingness to donate tissue has increased in recent years, patients still have to wait for a suitable tissue transplant.<\/p>\n<\/div><\/section><\/div><\/p>\n<div class=\"flex_column av_one_third  flex_column_div av-zero-column-padding   avia-builder-el-11  el_after_av_two_third  el_before_av_hr  column-top-margin\" style='border-radius:0px; '><p><div   class='hr hr-default   avia-builder-el-12  el_before_av_image  avia-builder-el-first '><span class='hr-inner ' ><span class='hr-inner-style'><\/span><\/span><\/div><br \/>\n<div  class='avia-image-container  av-styling-    avia-builder-el-13  el_after_av_hr  el_before_av_hr  avia-align-center '  itemprop=\"image\" itemscope=\"itemscope\" itemtype=\"https:\/\/schema.org\/ImageObject\"  ><div class='avia-image-container-inner'><div class='avia-image-overlay-wrap'><img decoding=\"async\" class='wp-image-8823 avia-img-lazy-loading-not-8823 avia_image' src=\"https:\/\/gewebenetzwerk.de\/wp-content\/uploads\/2019\/03\/Gewebespende_DGFG.jpg\" alt='' title='Tissue donation' height=\"1458\" width=\"2186\"  itemprop=\"thumbnailUrl\" srcset=\"https:\/\/gewebenetzwerk.de\/wp-content\/uploads\/2019\/03\/Gewebespende_DGFG.jpg 2186w, https:\/\/gewebenetzwerk.de\/wp-content\/uploads\/2019\/03\/Gewebespende_DGFG-600x400.jpg 600w, https:\/\/gewebenetzwerk.de\/wp-content\/uploads\/2019\/03\/Gewebespende_DGFG-768x512.jpg 768w, https:\/\/gewebenetzwerk.de\/wp-content\/uploads\/2019\/03\/Gewebespende_DGFG-1030x687.jpg 1030w, https:\/\/gewebenetzwerk.de\/wp-content\/uploads\/2019\/03\/Gewebespende_DGFG-1500x1000.jpg 1500w, https:\/\/gewebenetzwerk.de\/wp-content\/uploads\/2019\/03\/Gewebespende_DGFG-705x470.jpg 705w, https:\/\/gewebenetzwerk.de\/wp-content\/uploads\/2019\/03\/Gewebespende_DGFG-450x300.jpg 450w\" sizes=\"(max-width: 2186px) 100vw, 2186px\" \/><\/div><\/div><\/div><br \/>\n<div   class='hr hr-default   avia-builder-el-14  el_after_av_image  avia-builder-el-last '><span class='hr-inner ' ><span class='hr-inner-style'><\/span><\/span><\/div><\/p><\/div>\n<div  style='height:50px' class='hr hr-invisible   avia-builder-el-15  el_after_av_one_third  el_before_av_section  avia-builder-el-last '><span class='hr-inner ' ><span class='hr-inner-style'><\/span><\/span><\/div>\n<\/div><\/div><\/div><!-- close content main div --><\/div><\/div><div id='av_section_1'  class='avia-section main_color avia-section-default avia-no-border-styling  avia-full-stretch av-section-color-overlay-active avia-bg-style-scroll  avia-builder-el-16  el_after_av_hr  el_before_av_hr   av-minimum-height av-minimum-height-custom  container_wrap fullsize' style='background-repeat: no-repeat; background-image: url(https:\/\/gewebenetzwerk.de\/wp-content\/uploads\/2019\/04\/Gewebespende-Kornea-web-600x433.jpg);background-attachment: scroll; background-position: center center;  '  data-section-bg-repeat='stretch'><div class='av-section-color-overlay-wrap'><div class='av-section-color-overlay' style='opacity: 0.7; background-color: #ffffff; '><\/div><div class='container' style='height:540px'><div class='template-page content  av-content-full alpha units'><div class='post-entry post-entry-type-page post-entry-8444'><div class='entry-content-wrapper clearfix'>\n<div  style='height:40px' class='hr hr-invisible   avia-builder-el-17  el_before_av_hr  avia-builder-el-first '><span class='hr-inner ' ><span class='hr-inner-style'><\/span><\/span><\/div>\n<div  style='height:40px' class='hr hr-invisible   avia-builder-el-18  el_after_av_hr  el_before_av_hr '><span class='hr-inner ' ><span class='hr-inner-style'><\/span><\/span><\/div>\n<div  style='height:40px' class='hr hr-invisible   avia-builder-el-19  el_after_av_hr  el_before_av_hr '><span class='hr-inner ' ><span class='hr-inner-style'><\/span><\/span><\/div>\n<div  style='height:40px' class='hr hr-invisible   avia-builder-el-20  el_after_av_hr  el_before_av_hr '><span class='hr-inner ' ><span class='hr-inner-style'><\/span><\/span><\/div>\n<div  style='height:40px' class='hr hr-invisible   avia-builder-el-21  el_after_av_hr  el_before_av_hr '><span class='hr-inner ' ><span class='hr-inner-style'><\/span><\/span><\/div>\n<div  style='height:40px' class='hr hr-invisible   avia-builder-el-22  el_after_av_hr  el_before_av_hr '><span class='hr-inner ' ><span class='hr-inner-style'><\/span><\/span><\/div>\n<div  style='height:40px' class='hr hr-invisible   avia-builder-el-23  el_after_av_hr  el_before_av_one_full '><span class='hr-inner ' ><span class='hr-inner-style'><\/span><\/span><\/div>\n<div class=\"flex_column av_one_full  flex_column_div av-zero-column-padding first  avia-builder-el-24  el_after_av_hr  avia-builder-el-last  \" style='border-radius:0px; '><section class=\"av_textblock_section \"  itemscope=\"itemscope\" itemtype=\"https:\/\/schema.org\/CreativeWork\" ><div class='avia_textblock  '   itemprop=\"text\" ><h3><strong>This is how corneal donation helps<\/strong><\/h3>\n<p>If a cornea loses its natural properties such as transparency or stability due to a disease or accident and no other remedy is possible, only the transfer of a clear human cornea from the tissue donation can help. Through a successful transplantation, affected patients can regain their sight, read again, orientate themselves and pursue their profession.<\/p>\n<\/div><\/section><\/div>\n<\/div><\/div><\/div><!-- close content main div --><\/div><\/div><\/div><div id='after_section_1'  class='main_color av_default_container_wrap container_wrap fullsize' style=' '  ><div class='container' ><div class='template-page content  av-content-full alpha units'><div class='post-entry post-entry-type-page post-entry-8444'><div class='entry-content-wrapper clearfix'>\n<div  style='height:50px' class='hr hr-invisible   avia-builder-el-26  el_after_av_section  el_before_av_one_full  avia-builder-el-first '><span class='hr-inner ' ><span class='hr-inner-style'><\/span><\/span><\/div>\n<div class=\"flex_column av_one_full  flex_column_div av-zero-column-padding first  avia-builder-el-27  el_after_av_hr  avia-builder-el-last  \" style='border-radius:0px; '><section class=\"av_textblock_section \"  itemscope=\"itemscope\" itemtype=\"https:\/\/schema.org\/CreativeWork\" ><div class='avia_textblock  '   itemprop=\"text\" ><h1>Transplant recipients tell their stories<\/h1>\n<\/div><\/section><br \/>\n<\/p><\/div>\n","protected":false},"excerpt":{"rendered":"","protected":false},"author":10,"featured_media":8447,"parent":0,"menu_order":0,"comment_status":"closed","ping_status":"closed","template":"","meta":{"footnotes":""},"class_list":["post-8444","page","type-page","status-publish","has-post-thumbnail","hentry"],"yoast_head":"<!-- This site is optimized with the Yoast SEO plugin v25.7 - https:\/\/yoast.com\/wordpress\/plugins\/seo\/ -->\n<title>Hornhautspende_eng - Deutsche Gesellschaft f\u00fcr Gewebetransplantation<\/title>\n<meta name=\"robots\" content=\"index, follow, max-snippet:-1, max-image-preview:large, max-video-preview:-1\" \/>\n<link rel=\"canonical\" href=\"https:\/\/gewebenetzwerk.de\/hornhautspende\/\" \/>\n<meta property=\"og:locale\" content=\"en_US\" \/>\n<meta property=\"og:type\" content=\"article\" \/>\n<meta property=\"og:title\" content=\"Hornhautspende_eng - Deutsche Gesellschaft f\u00fcr Gewebetransplantation\" \/>\n<meta property=\"og:url\" content=\"https:\/\/gewebenetzwerk.de\/hornhautspende\/\" \/>\n<meta property=\"og:site_name\" content=\"Deutsche Gesellschaft f\u00fcr Gewebetransplantation\" \/>\n<meta property=\"article:publisher\" content=\"https:\/\/www.facebook.com\/DGFG.de\" \/>\n<meta property=\"article:modified_time\" content=\"2019-07-25T07:19:58+00:00\" \/>\n<meta property=\"og:image\" content=\"https:\/\/gewebenetzwerk.de\/wp-content\/uploads\/2019\/04\/Gewebespende-Kornea-web.jpg\" \/>\n\t<meta property=\"og:image:width\" content=\"1300\" \/>\n\t<meta property=\"og:image:height\" content=\"939\" \/>\n\t<meta property=\"og:image:type\" content=\"image\/jpeg\" \/>\n<meta name=\"twitter:card\" content=\"summary_large_image\" \/>\n<meta name=\"twitter:site\" content=\"@gewebenetzwerk\" \/>\n<meta name=\"twitter:label1\" content=\"Est. reading time\" \/>\n\t<meta name=\"twitter:data1\" content=\"13 minutes\" \/>\n<script type=\"application\/ld+json\" class=\"yoast-schema-graph\">{\"@context\":\"https:\/\/schema.org\",\"@graph\":[{\"@type\":\"WebPage\",\"@id\":\"https:\/\/gewebenetzwerk.de\/hornhautspende\/\",\"url\":\"https:\/\/gewebenetzwerk.de\/hornhautspende\/\",\"name\":\"Hornhautspende_eng - Deutsche Gesellschaft f\u00fcr Gewebetransplantation\",\"isPartOf\":{\"@id\":\"https:\/\/gewebenetzwerk.de\/#website\"},\"primaryImageOfPage\":{\"@id\":\"https:\/\/gewebenetzwerk.de\/hornhautspende\/#primaryimage\"},\"image\":{\"@id\":\"https:\/\/gewebenetzwerk.de\/hornhautspende\/#primaryimage\"},\"thumbnailUrl\":\"https:\/\/gewebenetzwerk.de\/wp-content\/uploads\/2019\/04\/Gewebespende-Kornea-web.jpg\",\"datePublished\":\"2019-07-23T10:20:17+00:00\",\"dateModified\":\"2019-07-25T07:19:58+00:00\",\"breadcrumb\":{\"@id\":\"https:\/\/gewebenetzwerk.de\/hornhautspende\/#breadcrumb\"},\"inLanguage\":\"en-US\",\"potentialAction\":[{\"@type\":\"ReadAction\",\"target\":[\"https:\/\/gewebenetzwerk.de\/hornhautspende\/\"]}]},{\"@type\":\"ImageObject\",\"inLanguage\":\"en-US\",\"@id\":\"https:\/\/gewebenetzwerk.de\/hornhautspende\/#primaryimage\",\"url\":\"https:\/\/gewebenetzwerk.de\/wp-content\/uploads\/2019\/04\/Gewebespende-Kornea-web.jpg\",\"contentUrl\":\"https:\/\/gewebenetzwerk.de\/wp-content\/uploads\/2019\/04\/Gewebespende-Kornea-web.jpg\",\"width\":1300,\"height\":939,\"caption\":\"Family generation green eyes genetics concept\"},{\"@type\":\"BreadcrumbList\",\"@id\":\"https:\/\/gewebenetzwerk.de\/hornhautspende\/#breadcrumb\",\"itemListElement\":[{\"@type\":\"ListItem\",\"position\":1,\"name\":\"Home\",\"item\":\"https:\/\/gewebenetzwerk.de\/en\/startseite_eng\/\"},{\"@type\":\"ListItem\",\"position\":2,\"name\":\"Hornhautspende_eng\"}]},{\"@type\":\"WebSite\",\"@id\":\"https:\/\/gewebenetzwerk.de\/#website\",\"url\":\"https:\/\/gewebenetzwerk.de\/\",\"name\":\"Deutsche Gesellschaft f\u00fcr Gewebetransplantation\",\"description\":\"Das Netzwerk f\u00fcr Gewebespende und Gewebetransplantation\",\"potentialAction\":[{\"@type\":\"SearchAction\",\"target\":{\"@type\":\"EntryPoint\",\"urlTemplate\":\"https:\/\/gewebenetzwerk.de\/?s={search_term_string}\"},\"query-input\":{\"@type\":\"PropertyValueSpecification\",\"valueRequired\":true,\"valueName\":\"search_term_string\"}}],\"inLanguage\":\"en-US\"}]}<\/script>\n<!-- \/ Yoast SEO plugin. -->","yoast_head_json":{"title":"Hornhautspende_eng - Deutsche Gesellschaft f\u00fcr Gewebetransplantation","robots":{"index":"index","follow":"follow","max-snippet":"max-snippet:-1","max-image-preview":"max-image-preview:large","max-video-preview":"max-video-preview:-1"},"canonical":"https:\/\/gewebenetzwerk.de\/hornhautspende\/","og_locale":"en_US","og_type":"article","og_title":"Hornhautspende_eng - Deutsche Gesellschaft f\u00fcr Gewebetransplantation","og_url":"https:\/\/gewebenetzwerk.de\/hornhautspende\/","og_site_name":"Deutsche Gesellschaft f\u00fcr Gewebetransplantation","article_publisher":"https:\/\/www.facebook.com\/DGFG.de","article_modified_time":"2019-07-25T07:19:58+00:00","og_image":[{"width":1300,"height":939,"url":"https:\/\/gewebenetzwerk.de\/wp-content\/uploads\/2019\/04\/Gewebespende-Kornea-web.jpg","type":"image\/jpeg"}],"twitter_card":"summary_large_image","twitter_site":"@gewebenetzwerk","twitter_misc":{"Est. reading time":"13 minutes"},"schema":{"@context":"https:\/\/schema.org","@graph":[{"@type":"WebPage","@id":"https:\/\/gewebenetzwerk.de\/hornhautspende\/","url":"https:\/\/gewebenetzwerk.de\/hornhautspende\/","name":"Hornhautspende_eng - Deutsche Gesellschaft f\u00fcr Gewebetransplantation","isPartOf":{"@id":"https:\/\/gewebenetzwerk.de\/#website"},"primaryImageOfPage":{"@id":"https:\/\/gewebenetzwerk.de\/hornhautspende\/#primaryimage"},"image":{"@id":"https:\/\/gewebenetzwerk.de\/hornhautspende\/#primaryimage"},"thumbnailUrl":"https:\/\/gewebenetzwerk.de\/wp-content\/uploads\/2019\/04\/Gewebespende-Kornea-web.jpg","datePublished":"2019-07-23T10:20:17+00:00","dateModified":"2019-07-25T07:19:58+00:00","breadcrumb":{"@id":"https:\/\/gewebenetzwerk.de\/hornhautspende\/#breadcrumb"},"inLanguage":"en-US","potentialAction":[{"@type":"ReadAction","target":["https:\/\/gewebenetzwerk.de\/hornhautspende\/"]}]},{"@type":"ImageObject","inLanguage":"en-US","@id":"https:\/\/gewebenetzwerk.de\/hornhautspende\/#primaryimage","url":"https:\/\/gewebenetzwerk.de\/wp-content\/uploads\/2019\/04\/Gewebespende-Kornea-web.jpg","contentUrl":"https:\/\/gewebenetzwerk.de\/wp-content\/uploads\/2019\/04\/Gewebespende-Kornea-web.jpg","width":1300,"height":939,"caption":"Family generation green eyes genetics concept"},{"@type":"BreadcrumbList","@id":"https:\/\/gewebenetzwerk.de\/hornhautspende\/#breadcrumb","itemListElement":[{"@type":"ListItem","position":1,"name":"Home","item":"https:\/\/gewebenetzwerk.de\/en\/startseite_eng\/"},{"@type":"ListItem","position":2,"name":"Hornhautspende_eng"}]},{"@type":"WebSite","@id":"https:\/\/gewebenetzwerk.de\/#website","url":"https:\/\/gewebenetzwerk.de\/","name":"Deutsche Gesellschaft f\u00fcr Gewebetransplantation","description":"Das Netzwerk f\u00fcr Gewebespende und Gewebetransplantation","potentialAction":[{"@type":"SearchAction","target":{"@type":"EntryPoint","urlTemplate":"https:\/\/gewebenetzwerk.de\/?s={search_term_string}"},"query-input":{"@type":"PropertyValueSpecification","valueRequired":true,"valueName":"search_term_string"}}],"inLanguage":"en-US"}]}},"_links":{"self":[{"href":"https:\/\/gewebenetzwerk.de\/en\/wp-json\/wp\/v2\/pages\/8444","targetHints":{"allow":["GET"]}}],"collection":[{"href":"https:\/\/gewebenetzwerk.de\/en\/wp-json\/wp\/v2\/pages"}],"about":[{"href":"https:\/\/gewebenetzwerk.de\/en\/wp-json\/wp\/v2\/types\/page"}],"author":[{"embeddable":true,"href":"https:\/\/gewebenetzwerk.de\/en\/wp-json\/wp\/v2\/users\/10"}],"replies":[{"embeddable":true,"href":"https:\/\/gewebenetzwerk.de\/en\/wp-json\/wp\/v2\/comments?post=8444"}],"version-history":[{"count":11,"href":"https:\/\/gewebenetzwerk.de\/en\/wp-json\/wp\/v2\/pages\/8444\/revisions"}],"predecessor-version":[{"id":9726,"href":"https:\/\/gewebenetzwerk.de\/en\/wp-json\/wp\/v2\/pages\/8444\/revisions\/9726"}],"wp:featuredmedia":[{"embeddable":true,"href":"https:\/\/gewebenetzwerk.de\/en\/wp-json\/wp\/v2\/media\/8447"}],"wp:attachment":[{"href":"https:\/\/gewebenetzwerk.de\/en\/wp-json\/wp\/v2\/media?parent=8444"}],"curies":[{"name":"wp","href":"https:\/\/api.w.org\/{rel}","templated":true}]}}